{"id":664,"date":"2024-02-01T14:07:48","date_gmt":"2024-02-01T13:07:48","guid":{"rendered":"http:\/\/www.mdsevenements.com\/?page_id=664"},"modified":"2024-02-04T16:59:39","modified_gmt":"2024-02-04T15:59:39","slug":"contactez-nous","status":"publish","type":"page","link":"http:\/\/www.mdsevenements.com\/?page_id=664","title":{"rendered":"Contactez Nous"},"content":{"rendered":"\n<div class=\"wp-block-group alignfull has-contrast-background-color has-background is-vertical is-content-justification-center is-layout-flex wp-container-core-group-is-layout-45b53811 wp-block-group-is-layout-flex\" style=\"min-height:100vh;margin-top:0;margin-bottom:0;padding-top:var(--wp--preset--spacing--60);padding-right:var(--wp--preset--spacing--50);padding-bottom:var(--wp--preset--spacing--60);padding-left:var(--wp--preset--spacing--50)\">\n<p class=\"has-accent-2-color has-text-color has-link-color has-large-font-size wp-elements-3461c082424656a8ddcbc5091267a822\" style=\"padding-top:0;padding-right:0;padding-bottom:0;padding-left:0\">Pour un \u00e9v\u00e8nement merci de pr\u00e9ciser la date, le lieu, le nombre d&rsquo;invit\u00e9s pr\u00e9vus et toute information qui vous semble importante.<\/p>\n\n\n\n<div class=\"wp-block-group has-global-padding is-layout-constrained wp-block-group-is-layout-constrained\">\n<div style=\"height:var(--wp--preset--spacing--10)\" aria-hidden=\"true\" class=\"wp-block-spacer\"><\/div>\n\n\n\n<div class=\"wpcf7 no-js\" id=\"wpcf7-f314-o1\" lang=\"en-US\" dir=\"ltr\" data-wpcf7-id=\"314\">\n<div class=\"screen-reader-response\"><p role=\"status\" aria-live=\"polite\" aria-atomic=\"true\"><\/p> <ul><\/ul><\/div>\n<form action=\"\/index.php?rest_route=%2Fwp%2Fv2%2Fpages%2F664#wpcf7-f314-o1\" method=\"post\" class=\"wpcf7-form init\" aria-label=\"Contact form\" novalidate=\"novalidate\" data-status=\"init\">\n<fieldset class=\"hidden-fields-container\"><input type=\"hidden\" name=\"_wpcf7\" value=\"314\" \/><input type=\"hidden\" name=\"_wpcf7_version\" value=\"6.1.5\" \/><input type=\"hidden\" name=\"_wpcf7_locale\" value=\"en_US\" \/><input type=\"hidden\" name=\"_wpcf7_unit_tag\" value=\"wpcf7-f314-o1\" \/><input type=\"hidden\" name=\"_wpcf7_container_post\" value=\"0\" \/><input type=\"hidden\" name=\"_wpcf7_posted_data_hash\" value=\"\" \/><input type=\"hidden\" name=\"_wpcf7_recaptcha_response\" value=\"\" \/>\n<\/fieldset>\n<p><label> Votre Nom (obligatoire)<br \/>\n<span class=\"wpcf7-form-control-wrap\" data-name=\"votre-nom\"><input size=\"40\" maxlength=\"400\" class=\"wpcf7-form-control wpcf7-text wpcf7-validates-as-required\" aria-required=\"true\" aria-invalid=\"false\" value=\"\" type=\"text\" name=\"votre-nom\" \/><\/span> <\/label>\n<\/p>\n<p><label> Email (obligatoire)<br \/>\n<span class=\"wpcf7-form-control-wrap\" data-name=\"votre-email\"><input size=\"40\" maxlength=\"400\" class=\"wpcf7-form-control wpcf7-email wpcf7-validates-as-required wpcf7-text wpcf7-validates-as-email\" aria-required=\"true\" aria-invalid=\"false\" value=\"\" type=\"email\" name=\"votre-email\" \/><\/span> <\/label>\n<\/p>\n<p><label> Sujet<br \/>\n<span class=\"wpcf7-form-control-wrap\" data-name=\"sujet\"><input size=\"40\" maxlength=\"400\" class=\"wpcf7-form-control wpcf7-text\" aria-invalid=\"false\" value=\"\" type=\"text\" name=\"sujet\" \/><\/span> <\/label>\n<\/p>\n<p><label> Votre Message<br \/>\n<span class=\"wpcf7-form-control-wrap\" data-name=\"votre-message\"><textarea cols=\"40\" rows=\"10\" maxlength=\"2000\" class=\"wpcf7-form-control wpcf7-textarea\" aria-invalid=\"false\" name=\"votre-message\"><\/textarea><\/span> <\/label>\n<\/p>\n<p><input class=\"wpcf7-form-control wpcf7-submit has-spinner\" type=\"submit\" value=\"Envoyer\" \/>\n<\/p><div class=\"wpcf7-response-output\" aria-hidden=\"true\"><\/div>\n<\/form>\n<\/div>\n\n\n\n\n<div style=\"height:var(--wp--preset--spacing--10)\" aria-hidden=\"true\" class=\"wp-block-spacer\"><\/div>\n<\/div>\n\n\n\n<figure class=\"wp-block-image size-full is-resized\"><a href=\"https:\/\/www.facebook.com\/mdsevenements\" target=\"_blank\" rel=\"noreferrer noopener\"><img loading=\"lazy\" decoding=\"async\" width=\"480\" height=\"480\" src=\"http:\/\/www.mdsevenements.com\/wp-content\/uploads\/2024\/02\/Facebook_logo_square-1.png\" alt=\"\" class=\"wp-image-680\" style=\"width:52px;height:auto\" srcset=\"http:\/\/www.mdsevenements.com\/wp-content\/uploads\/2024\/02\/Facebook_logo_square-1.png 480w, http:\/\/www.mdsevenements.com\/wp-content\/uploads\/2024\/02\/Facebook_logo_square-1-300x300.png 300w, http:\/\/www.mdsevenements.com\/wp-content\/uploads\/2024\/02\/Facebook_logo_square-1-150x150.png 150w, http:\/\/www.mdsevenements.com\/wp-content\/uploads\/2024\/02\/Facebook_logo_square-1-400x400.png 400w, http:\/\/www.mdsevenements.com\/wp-content\/uploads\/2024\/02\/Facebook_logo_square-1-75x75.png 75w\" sizes=\"auto, (max-width: 480px) 100vw, 480px\" \/><\/a><\/figure>\n\n\n\n<figure class=\"wp-block-image size-full is-resized\"><a href=\"https:\/\/www.instagram.com\/mdsevenements\/\" target=\"_blank\" rel=\"noreferrer noopener\"><img loading=\"lazy\" decoding=\"async\" width=\"1000\" height=\"1000\" src=\"http:\/\/www.mdsevenements.com\/wp-content\/uploads\/2024\/02\/580b57fcd9996e24bc43c521.png\" alt=\"\" class=\"wp-image-655\" style=\"width:61px;height:auto\" srcset=\"http:\/\/www.mdsevenements.com\/wp-content\/uploads\/2024\/02\/580b57fcd9996e24bc43c521.png 1000w, http:\/\/www.mdsevenements.com\/wp-content\/uploads\/2024\/02\/580b57fcd9996e24bc43c521-300x300.png 300w, http:\/\/www.mdsevenements.com\/wp-content\/uploads\/2024\/02\/580b57fcd9996e24bc43c521-150x150.png 150w, http:\/\/www.mdsevenements.com\/wp-content\/uploads\/2024\/02\/580b57fcd9996e24bc43c521-768x768.png 768w, http:\/\/www.mdsevenements.com\/wp-content\/uploads\/2024\/02\/580b57fcd9996e24bc43c521-500x500.png 500w, http:\/\/www.mdsevenements.com\/wp-content\/uploads\/2024\/02\/580b57fcd9996e24bc43c521-400x400.png 400w, http:\/\/www.mdsevenements.com\/wp-content\/uploads\/2024\/02\/580b57fcd9996e24bc43c521-75x75.png 75w\" sizes=\"auto, (max-width: 1000px) 100vw, 1000px\" \/><\/a><\/figure>\n\n\n\n<div class=\"wp-block-group has-global-padding is-layout-constrained wp-block-group-is-layout-constrained\"><\/div>\n\n\n\n<p class=\"has-heading-font-family has-large-font-size\">mdsevenements@outlook.fr<\/p>\n\n\n\n<p class=\"has-heading-font-family has-large-font-size\">06.67.18.38.62<\/p>\n<\/div>\n","protected":false},"excerpt":{"rendered":"<p>Pour un \u00e9v\u00e8nement merci de pr\u00e9ciser la date, le lieu, le nombre d&rsquo;invit\u00e9s pr\u00e9vus et toute information qui vous semble importante. mdsevenements@outlook.fr 06.67.18.38.62<\/p>\n","protected":false},"author":1,"featured_media":0,"parent":0,"menu_order":0,"comment_status":"closed","ping_status":"closed","template":"","meta":{"footnotes":""},"class_list":["post-664","page","type-page","status-publish","hentry"],"_links":{"self":[{"href":"http:\/\/www.mdsevenements.com\/index.php?rest_route=\/wp\/v2\/pages\/664","targetHints":{"allow":["GET"]}}],"collection":[{"href":"http:\/\/www.mdsevenements.com\/index.php?rest_route=\/wp\/v2\/pages"}],"about":[{"href":"http:\/\/www.mdsevenements.com\/index.php?rest_route=\/wp\/v2\/types\/page"}],"author":[{"embeddable":true,"href":"http:\/\/www.mdsevenements.com\/index.php?rest_route=\/wp\/v2\/users\/1"}],"replies":[{"embeddable":true,"href":"http:\/\/www.mdsevenements.com\/index.php?rest_route=%2Fwp%2Fv2%2Fcomments&post=664"}],"version-history":[{"count":14,"href":"http:\/\/www.mdsevenements.com\/index.php?rest_route=\/wp\/v2\/pages\/664\/revisions"}],"predecessor-version":[{"id":749,"href":"http:\/\/www.mdsevenements.com\/index.php?rest_route=\/wp\/v2\/pages\/664\/revisions\/749"}],"wp:attachment":[{"href":"http:\/\/www.mdsevenements.com\/index.php?rest_route=%2Fwp%2Fv2%2Fmedia&parent=664"}],"curies":[{"name":"wp","href":"https:\/\/api.w.org\/{rel}","templated":true}]}}